{"id":1591,"date":"2025-08-24T19:59:58","date_gmt":"2025-08-25T01:59:58","guid":{"rendered":"https:\/\/awabeach.com\/annehmlichkeiten\/"},"modified":"2025-10-29T11:23:36","modified_gmt":"2025-10-29T17:23:36","slug":"annehmlichkeiten","status":"publish","type":"page","link":"https:\/\/awabeach.com\/de\/annehmlichkeiten\/","title":{"rendered":"Annehmlichkeiten"},"content":{"rendered":"\t\t<div data-elementor-type=\"wp-page\" data-elementor-id=\"1591\" class=\"elementor elementor-1591 elementor-198\" data-elementor-post-type=\"page\">\n\t\t\t\t<div class=\"elementor-element elementor-element-69ab298 e-flex e-con-boxed e-con e-parent\" data-id=\"69ab298\" data-element_type=\"container\" data-e-type=\"container\" data-settings=\"{&quot;background_background&quot;:&quot;classic&quot;}\">\n\t\t\t\t\t<div class=\"e-con-inner\">\n\t\t\t\t<div class=\"elementor-element elementor-element-9aceacb elementor-invisible elementor-widget elementor-widget-image\" data-id=\"9aceacb\" data-element_type=\"widget\" data-e-type=\"widget\" data-settings=\"{&quot;_animation&quot;:&quot;fadeInUp&quot;}\" data-widget_type=\"image.default\">\n\t\t\t\t\t\t\t\t\t\t\t\t\t\t\t<img decoding=\"async\" width=\"223\" height=\"223\" src=\"https:\/\/awabeach.com\/wp-content\/uploads\/2025\/08\/awa_icons.png\" class=\"attachment-large size-large wp-image-1583\" alt=\"\" srcset=\"https:\/\/awabeach.com\/wp-content\/uploads\/2025\/08\/awa_icons.png 223w, https:\/\/awabeach.com\/wp-content\/uploads\/2025\/08\/awa_icons-150x150.png 150w\" sizes=\"(max-width: 223px) 100vw, 223px\" \/>\t\t\t\t\t\t\t\t\t\t\t\t\t\t\t<\/div>\n\t\t\t\t<div class=\"elementor-element elementor-element-4ead0be elementor-invisible elementor-widget elementor-widget-heading\" data-id=\"4ead0be\" data-element_type=\"widget\" data-e-type=\"widget\" data-settings=\"{&quot;_animation&quot;:&quot;fadeInUp&quot;}\" data-widget_type=\"heading.default\">\n\t\t\t\t\t<h1 class=\"elementor-heading-title elementor-size-default\">Annehmlichkeiten<\/h1>\t\t\t\t<\/div>\n\t\t\t\t<div class=\"elementor-element elementor-element-3b84d2a elementor-widget elementor-widget-heading\" data-id=\"3b84d2a\" data-element_type=\"widget\" data-e-type=\"widget\" data-widget_type=\"heading.default\">\n\t\t\t\t\t<h2 class=\"elementor-heading-title elementor-size-default\">aw\u0101 bietet denjenigen, die uns besuchen <br>die exklusive M\u00f6glichkeit<\/h2>\t\t\t\t<\/div>\n\t\t\t\t\t<\/div>\n\t\t\t\t<\/div>\n\t\t<div class=\"elementor-element elementor-element-7f4a767 e-con-full e-flex e-con e-parent\" data-id=\"7f4a767\" data-element_type=\"container\" data-e-type=\"container\" data-settings=\"{&quot;background_background&quot;:&quot;classic&quot;}\">\n\t\t\t\t<div class=\"elementor-element elementor-element-2304ce5 elementor-widget elementor-widget-heading\" data-id=\"2304ce5\" data-element_type=\"widget\" data-e-type=\"widget\" data-widget_type=\"heading.default\">\n\t\t\t\t\t<h2 class=\"elementor-heading-title elementor-size-default\">Vom Morgen <br><span class=\"bold\">zum Mondlicht<\/span><\/h2>\t\t\t\t<\/div>\n\t\t\t\t<div class=\"elementor-element elementor-element-8d99bda elementor-widget elementor-widget-heading\" data-id=\"8d99bda\" data-element_type=\"widget\" data-e-type=\"widget\" data-widget_type=\"heading.default\">\n\t\t\t\t\t<h3 class=\"elementor-heading-title elementor-size-default\">aw\u0101 l\u00e4dt Sie ein, sich den stillen Freuden des Lebens hinzugeben - vom Kaffee bei Sonnenaufgang am Ufer bis hin zu sanften Abenden im Laternenschein.<\/h3>\t\t\t\t<\/div>\n\t\t<div class=\"elementor-element elementor-element-d36430f e-grid e-con-full elementor-hidden-desktop elementor-hidden-tablet elementor-hidden-mobile e-con e-child\" data-id=\"d36430f\" data-element_type=\"container\" data-e-type=\"container\">\n\t\t<div class=\"elementor-element elementor-element-f4dcdf5 e-con-full e-flex e-con e-child\" data-id=\"f4dcdf5\" data-element_type=\"container\" data-e-type=\"container\" data-settings=\"{&quot;background_background&quot;:&quot;classic&quot;}\">\n\t\t\t\t<\/div>\n\t\t\t\t<div class=\"elementor-element elementor-element-b1439bc elementor-widget elementor-widget-heading\" data-id=\"b1439bc\" data-element_type=\"widget\" data-e-type=\"widget\" data-widget_type=\"heading.default\">\n\t\t\t\t\t<h2 class=\"elementor-heading-title elementor-size-default\">Vom Morgen <br><span class=\"bold\">zum Mondlicht<\/span><\/h2>\t\t\t\t<\/div>\n\t\t<div class=\"elementor-element elementor-element-6aa5024 e-con-full e-flex e-con e-child\" data-id=\"6aa5024\" data-element_type=\"container\" data-e-type=\"container\" data-settings=\"{&quot;background_background&quot;:&quot;classic&quot;}\">\n\t\t\t\t<div class=\"elementor-element elementor-element-9aadfc9 elementor-position-left elementor-vertical-align-top elementor-widget elementor-widget-image-box\" data-id=\"9aadfc9\" data-element_type=\"widget\" data-e-type=\"widget\" data-widget_type=\"image-box.default\">\n\t\t\t\t\t<div class=\"elementor-image-box-wrapper\"><figure class=\"elementor-image-box-img\"><img decoding=\"async\" width=\"110\" height=\"123\" src=\"https:\/\/awabeach.com\/wp-content\/uploads\/2025\/08\/icon_awa3.png\" class=\"attachment-full size-full wp-image-1563\" alt=\"\" \/><\/figure><div class=\"elementor-image-box-content\"><h3 class=\"elementor-image-box-title\">Fr\u00fchst\u00fcck<\/h3><\/div><\/div>\t\t\t\t<\/div>\n\t\t\t\t<\/div>\n\t\t<div class=\"elementor-element elementor-element-e256aa2 e-con-full e-flex e-con e-child\" data-id=\"e256aa2\" data-element_type=\"container\" data-e-type=\"container\" data-settings=\"{&quot;background_background&quot;:&quot;classic&quot;}\">\n\t\t\t\t<div class=\"elementor-element elementor-element-ab5e25a elementor-position-left elementor-vertical-align-top elementor-widget elementor-widget-image-box\" data-id=\"ab5e25a\" data-element_type=\"widget\" data-e-type=\"widget\" data-widget_type=\"image-box.default\">\n\t\t\t\t\t<div class=\"elementor-image-box-wrapper\"><figure class=\"elementor-image-box-img\"><img decoding=\"async\" width=\"110\" height=\"123\" src=\"https:\/\/awabeach.com\/wp-content\/uploads\/2025\/08\/icon_awa1.png\" class=\"attachment-full size-full wp-image-1562\" alt=\"\" \/><\/figure><div class=\"elementor-image-box-content\"><h3 class=\"elementor-image-box-title\">Strandclub<\/h3><\/div><\/div>\t\t\t\t<\/div>\n\t\t\t\t<\/div>\n\t\t<div class=\"elementor-element elementor-element-ee7d074 e-con-full e-flex e-con e-child\" data-id=\"ee7d074\" data-element_type=\"container\" data-e-type=\"container\" data-settings=\"{&quot;background_background&quot;:&quot;classic&quot;}\">\n\t\t\t\t<div class=\"elementor-element elementor-element-fe72d37 elementor-position-left elementor-vertical-align-top elementor-widget elementor-widget-image-box\" data-id=\"fe72d37\" data-element_type=\"widget\" data-e-type=\"widget\" data-widget_type=\"image-box.default\">\n\t\t\t\t\t<div class=\"elementor-image-box-wrapper\"><figure class=\"elementor-image-box-img\"><img decoding=\"async\" width=\"110\" height=\"123\" src=\"https:\/\/awabeach.com\/wp-content\/uploads\/2025\/08\/icon_awa1.png\" class=\"attachment-full size-full wp-image-1562\" alt=\"\" \/><\/figure><div class=\"elementor-image-box-content\"><h3 class=\"elementor-image-box-title\">SPA<\/h3><\/div><\/div>\t\t\t\t<\/div>\n\t\t\t\t<\/div>\n\t\t<div class=\"elementor-element elementor-element-8b70f93 e-con-full e-flex e-con e-child\" data-id=\"8b70f93\" data-element_type=\"container\" data-e-type=\"container\" data-settings=\"{&quot;background_background&quot;:&quot;classic&quot;}\">\n\t\t\t\t<div class=\"elementor-element elementor-element-e771c12 elementor-position-left elementor-vertical-align-top elementor-widget elementor-widget-image-box\" data-id=\"e771c12\" data-element_type=\"widget\" data-e-type=\"widget\" data-widget_type=\"image-box.default\">\n\t\t\t\t\t<div class=\"elementor-image-box-wrapper\"><figure class=\"elementor-image-box-img\"><img decoding=\"async\" width=\"110\" height=\"123\" src=\"https:\/\/awabeach.com\/wp-content\/uploads\/2025\/08\/icon_awa3.png\" class=\"attachment-full size-full wp-image-1563\" alt=\"\" \/><\/figure><div class=\"elementor-image-box-content\"><h3 class=\"elementor-image-box-title\">Restaurant<\/h3><\/div><\/div>\t\t\t\t<\/div>\n\t\t\t\t<\/div>\n\t\t<div class=\"elementor-element elementor-element-7b6a882 e-con-full e-flex e-con e-child\" data-id=\"7b6a882\" data-element_type=\"container\" data-e-type=\"container\" data-settings=\"{&quot;background_background&quot;:&quot;classic&quot;}\">\n\t\t\t\t<div class=\"elementor-element elementor-element-5e0f478 elementor-position-left elementor-vertical-align-top elementor-widget elementor-widget-image-box\" data-id=\"5e0f478\" data-element_type=\"widget\" data-e-type=\"widget\" data-widget_type=\"image-box.default\">\n\t\t\t\t\t<div class=\"elementor-image-box-wrapper\"><figure class=\"elementor-image-box-img\"><img decoding=\"async\" width=\"110\" height=\"123\" src=\"https:\/\/awabeach.com\/wp-content\/uploads\/2025\/08\/icon_awa3.png\" class=\"attachment-full size-full wp-image-1563\" alt=\"\" \/><\/figure><div class=\"elementor-image-box-content\"><h3 class=\"elementor-image-box-title\">Bar<\/h3><\/div><\/div>\t\t\t\t<\/div>\n\t\t\t\t<\/div>\n\t\t\t\t<\/div>\n\t\t\t\t<\/div>\n\t\t<div class=\"elementor-element elementor-element-e29be8c e-flex e-con-boxed e-con e-parent\" data-id=\"e29be8c\" data-element_type=\"container\" data-e-type=\"container\" data-settings=\"{&quot;background_background&quot;:&quot;classic&quot;}\">\n\t\t\t\t\t<div class=\"e-con-inner\">\n\t\t<div class=\"elementor-element elementor-element-8de2ee2 e-con-full e-flex e-con e-child\" data-id=\"8de2ee2\" data-element_type=\"container\" data-e-type=\"container\">\n\t\t<div class=\"elementor-element elementor-element-deaee76 e-con-full e-flex e-con e-child\" data-id=\"deaee76\" data-element_type=\"container\" data-e-type=\"container\">\n\t\t\t\t<div class=\"elementor-element elementor-element-7c9fe9c elementor-absolute elementor-widget elementor-widget-image\" data-id=\"7c9fe9c\" data-element_type=\"widget\" data-e-type=\"widget\" data-settings=\"{&quot;_position&quot;:&quot;absolute&quot;}\" data-widget_type=\"image.default\">\n\t\t\t\t\t\t\t\t\t\t\t\t\t\t\t<img loading=\"lazy\" decoding=\"async\" width=\"110\" height=\"123\" src=\"https:\/\/awabeach.com\/wp-content\/uploads\/2025\/08\/icon_awa3.png\" class=\"attachment-large size-large wp-image-1563\" alt=\"\" \/>\t\t\t\t\t\t\t\t\t\t\t\t\t\t\t<\/div>\n\t\t\t\t<div class=\"elementor-element elementor-element-fae0b35 elementor-position-top elementor-widget elementor-widget-image-box\" data-id=\"fae0b35\" data-element_type=\"widget\" data-e-type=\"widget\" data-widget_type=\"image-box.default\">\n\t\t\t\t\t<div class=\"elementor-image-box-wrapper\"><figure class=\"elementor-image-box-img\"><img loading=\"lazy\" decoding=\"async\" width=\"532\" height=\"315\" src=\"https:\/\/awabeach.com\/wp-content\/uploads\/2025\/08\/amenities_awa_beach_1.jpg\" class=\"attachment-full size-full wp-image-1560\" alt=\"\" srcset=\"https:\/\/awabeach.com\/wp-content\/uploads\/2025\/08\/amenities_awa_beach_1.jpg 532w, https:\/\/awabeach.com\/wp-content\/uploads\/2025\/08\/amenities_awa_beach_1-300x178.jpg 300w\" sizes=\"(max-width: 532px) 100vw, 532px\" \/><\/figure><div class=\"elementor-image-box-content\"><h3 class=\"elementor-image-box-title\">Abendessen unter den Sternen<\/h3><p class=\"elementor-image-box-description\">Genie\u00dfen Sie private, von Laternen beleuchtete Abendessen am Strand, bei denen der Chefkoch saisonale Men\u00fcs nach Ihrem Geschmack zusammenstellt und das Meer den Soundtrack dazu liefert.<\/p><\/div><\/div>\t\t\t\t<\/div>\n\t\t\t\t<\/div>\n\t\t<div class=\"elementor-element elementor-element-e3c81f8 e-con-full e-flex e-con e-child\" data-id=\"e3c81f8\" data-element_type=\"container\" data-e-type=\"container\">\n\t\t\t\t<div class=\"elementor-element elementor-element-d08ff59 elementor-position-top elementor-widget elementor-widget-image-box\" data-id=\"d08ff59\" data-element_type=\"widget\" data-e-type=\"widget\" data-widget_type=\"image-box.default\">\n\t\t\t\t\t<div class=\"elementor-image-box-wrapper\"><figure class=\"elementor-image-box-img\"><img loading=\"lazy\" decoding=\"async\" width=\"532\" height=\"315\" src=\"https:\/\/awabeach.com\/wp-content\/uploads\/2025\/08\/amenities_awa_beach_2.jpg\" class=\"attachment-full size-full wp-image-1564\" alt=\"\" srcset=\"https:\/\/awabeach.com\/wp-content\/uploads\/2025\/08\/amenities_awa_beach_2.jpg 532w, https:\/\/awabeach.com\/wp-content\/uploads\/2025\/08\/amenities_awa_beach_2-300x178.jpg 300w\" sizes=\"(max-width: 532px) 100vw, 532px\" \/><\/figure><div class=\"elementor-image-box-content\"><h3 class=\"elementor-image-box-title\">Fr\u00fchst\u00fcck<\/h3><p class=\"elementor-image-box-description\">Wachen Sie auf mit dem Duft von costaricanischem Kaffee und einem sorgf\u00e4ltig zubereiteten, saisonalen Fr\u00fchst\u00fcck, das im Garten, auf Ihrer Terrasse oder auf Ihrem Zimmer serviert wird.<\/p><\/div><\/div>\t\t\t\t<\/div>\n\t\t\t\t<div class=\"elementor-element elementor-element-8f58eda elementor-absolute elementor-widget elementor-widget-image\" data-id=\"8f58eda\" data-element_type=\"widget\" data-e-type=\"widget\" data-settings=\"{&quot;_position&quot;:&quot;absolute&quot;}\" data-widget_type=\"image.default\">\n\t\t\t\t\t\t\t\t\t\t\t\t\t\t\t<img loading=\"lazy\" decoding=\"async\" width=\"110\" height=\"123\" src=\"https:\/\/awabeach.com\/wp-content\/uploads\/2025\/08\/icon_awa3.png\" class=\"attachment-large size-large wp-image-1563\" alt=\"\" \/>\t\t\t\t\t\t\t\t\t\t\t\t\t\t\t<\/div>\n\t\t\t\t<\/div>\n\t\t\t\t<\/div>\n\t\t<div class=\"elementor-element elementor-element-fe57239 e-con-full e-flex e-con e-child\" data-id=\"fe57239\" data-element_type=\"container\" data-e-type=\"container\">\n\t\t<div class=\"elementor-element elementor-element-107a767 e-con-full e-flex e-con e-child\" data-id=\"107a767\" data-element_type=\"container\" data-e-type=\"container\">\n\t\t\t\t<div class=\"elementor-element elementor-element-d55ab67 elementor-position-top elementor-widget elementor-widget-image-box\" data-id=\"d55ab67\" data-element_type=\"widget\" data-e-type=\"widget\" data-widget_type=\"image-box.default\">\n\t\t\t\t\t<div class=\"elementor-image-box-wrapper\"><figure class=\"elementor-image-box-img\"><img loading=\"lazy\" decoding=\"async\" width=\"532\" height=\"315\" src=\"https:\/\/awabeach.com\/wp-content\/uploads\/2025\/08\/amenities_awa_beach_3.jpg\" class=\"attachment-full size-full wp-image-1565\" alt=\"\" srcset=\"https:\/\/awabeach.com\/wp-content\/uploads\/2025\/08\/amenities_awa_beach_3.jpg 532w, https:\/\/awabeach.com\/wp-content\/uploads\/2025\/08\/amenities_awa_beach_3-300x178.jpg 300w\" sizes=\"(max-width: 532px) 100vw, 532px\" \/><\/figure><div class=\"elementor-image-box-content\"><h3 class=\"elementor-image-box-title\">Strandclub<\/h3><p class=\"elementor-image-box-description\">Entspannen Sie sich in unserem privaten Beach Club mit schattigen Liegen, aufmerksamen Service und nahtlosem Zugang zu ausgew\u00e4hlten Wasseraktivit\u00e4ten von Schnorcheln bis Paddleboarding.<\/p><\/div><\/div>\t\t\t\t<\/div>\n\t\t\t\t<div class=\"elementor-element elementor-element-c3cee10 elementor-absolute elementor-widget elementor-widget-image\" data-id=\"c3cee10\" data-element_type=\"widget\" data-e-type=\"widget\" data-settings=\"{&quot;_position&quot;:&quot;absolute&quot;}\" data-widget_type=\"image.default\">\n\t\t\t\t\t\t\t\t\t\t\t\t\t\t\t<img loading=\"lazy\" decoding=\"async\" width=\"110\" height=\"123\" src=\"https:\/\/awabeach.com\/wp-content\/uploads\/2025\/08\/icon_awa1.png\" class=\"attachment-large size-large wp-image-1562\" alt=\"\" \/>\t\t\t\t\t\t\t\t\t\t\t\t\t\t\t<\/div>\n\t\t\t\t<\/div>\n\t\t<div class=\"elementor-element elementor-element-f2c2bc6 e-con-full e-flex e-con e-child\" data-id=\"f2c2bc6\" data-element_type=\"container\" data-e-type=\"container\">\n\t\t\t\t<div class=\"elementor-element elementor-element-0670fe4 elementor-position-top elementor-widget elementor-widget-image-box\" data-id=\"0670fe4\" data-element_type=\"widget\" data-e-type=\"widget\" data-widget_type=\"image-box.default\">\n\t\t\t\t\t<div class=\"elementor-image-box-wrapper\"><figure class=\"elementor-image-box-img\"><img loading=\"lazy\" decoding=\"async\" width=\"532\" height=\"315\" src=\"https:\/\/awabeach.com\/wp-content\/uploads\/2025\/08\/amenities_awa_beach_4.jpg\" class=\"attachment-full size-full wp-image-1566\" alt=\"best spa in Puerto Viejo Talamanca Costa Rica\" srcset=\"https:\/\/awabeach.com\/wp-content\/uploads\/2025\/08\/amenities_awa_beach_4.jpg 532w, https:\/\/awabeach.com\/wp-content\/uploads\/2025\/08\/amenities_awa_beach_4-300x178.jpg 300w\" sizes=\"(max-width: 532px) 100vw, 532px\" \/><\/figure><div class=\"elementor-image-box-content\"><h3 class=\"elementor-image-box-title\">Spa<\/h3><p class=\"elementor-image-box-description\">Erholen Sie sich in unserem Spa mit Meerblick mit ma\u00dfgeschneiderten Massagen, charakteristischen Erholungsritualen und t\u00e4glichem Yoga bei Sonnenaufgang, um K\u00f6rper und Geist zu beruhigen.<\/p><\/div><\/div>\t\t\t\t<\/div>\n\t\t\t\t<div class=\"elementor-element elementor-element-80860a9 elementor-absolute elementor-widget elementor-widget-image\" data-id=\"80860a9\" data-element_type=\"widget\" data-e-type=\"widget\" data-settings=\"{&quot;_position&quot;:&quot;absolute&quot;}\" data-widget_type=\"image.default\">\n\t\t\t\t\t\t\t\t\t\t\t\t\t\t\t<img loading=\"lazy\" decoding=\"async\" width=\"110\" height=\"123\" src=\"https:\/\/awabeach.com\/wp-content\/uploads\/2025\/08\/icon_awa1.png\" class=\"attachment-large size-large wp-image-1562\" alt=\"\" \/>\t\t\t\t\t\t\t\t\t\t\t\t\t\t\t<\/div>\n\t\t\t\t<\/div>\n\t\t\t\t<\/div>\n\t\t<div class=\"elementor-element elementor-element-0dec83f e-con-full e-flex e-con e-child\" data-id=\"0dec83f\" data-element_type=\"container\" data-e-type=\"container\">\n\t\t<div class=\"elementor-element elementor-element-99e1ab2 e-con-full e-flex e-con e-child\" data-id=\"99e1ab2\" data-element_type=\"container\" data-e-type=\"container\">\n\t\t\t\t<div class=\"elementor-element elementor-element-e38142e elementor-position-top elementor-widget elementor-widget-image-box\" data-id=\"e38142e\" data-element_type=\"widget\" data-e-type=\"widget\" data-widget_type=\"image-box.default\">\n\t\t\t\t\t<div class=\"elementor-image-box-wrapper\"><figure class=\"elementor-image-box-img\"><img loading=\"lazy\" decoding=\"async\" width=\"532\" height=\"315\" src=\"https:\/\/awabeach.com\/wp-content\/uploads\/2025\/08\/amenities_awa_beach_5.jpg\" class=\"attachment-full size-full wp-image-1567\" alt=\"\" srcset=\"https:\/\/awabeach.com\/wp-content\/uploads\/2025\/08\/amenities_awa_beach_5.jpg 532w, https:\/\/awabeach.com\/wp-content\/uploads\/2025\/08\/amenities_awa_beach_5-300x178.jpg 300w\" sizes=\"(max-width: 532px) 100vw, 532px\" \/><\/figure><div class=\"elementor-image-box-content\"><h3 class=\"elementor-image-box-title\">Restaurant<\/h3><p class=\"elementor-image-box-description\">Speisen Sie in unserem Restaurant, in dem der Chefkoch lokale Produkte und karibische Aromen in durchdachte Degustationsmen\u00fcs und intime saisonale Gerichte verwandelt.<\/p><\/div><\/div>\t\t\t\t<\/div>\n\t\t\t\t<div class=\"elementor-element elementor-element-f70e5a5 elementor-absolute elementor-widget elementor-widget-image\" data-id=\"f70e5a5\" data-element_type=\"widget\" data-e-type=\"widget\" data-settings=\"{&quot;_position&quot;:&quot;absolute&quot;}\" data-widget_type=\"image.default\">\n\t\t\t\t\t\t\t\t\t\t\t\t\t\t\t<img loading=\"lazy\" decoding=\"async\" width=\"110\" height=\"123\" src=\"https:\/\/awabeach.com\/wp-content\/uploads\/2025\/08\/icon_awa3.png\" class=\"attachment-large size-large wp-image-1563\" alt=\"\" \/>\t\t\t\t\t\t\t\t\t\t\t\t\t\t\t<\/div>\n\t\t\t\t<\/div>\n\t\t<div class=\"elementor-element elementor-element-f8bcbf0 e-con-full e-flex e-con e-child\" data-id=\"f8bcbf0\" data-element_type=\"container\" data-e-type=\"container\">\n\t\t\t\t<div class=\"elementor-element elementor-element-6f0d7ee elementor-position-top elementor-widget elementor-widget-image-box\" data-id=\"6f0d7ee\" data-element_type=\"widget\" data-e-type=\"widget\" data-widget_type=\"image-box.default\">\n\t\t\t\t\t<div class=\"elementor-image-box-wrapper\"><figure class=\"elementor-image-box-img\"><img loading=\"lazy\" decoding=\"async\" width=\"532\" height=\"315\" src=\"https:\/\/awabeach.com\/wp-content\/uploads\/2025\/09\/bar_awa_beach.jpg\" class=\"attachment-full size-full wp-image-1577\" alt=\"\" srcset=\"https:\/\/awabeach.com\/wp-content\/uploads\/2025\/09\/bar_awa_beach.jpg 532w, https:\/\/awabeach.com\/wp-content\/uploads\/2025\/09\/bar_awa_beach-300x178.jpg 300w\" sizes=\"(max-width: 532px) 100vw, 532px\" \/><\/figure><div class=\"elementor-image-box-content\"><h3 class=\"elementor-image-box-title\">Bar<\/h3><p class=\"elementor-image-box-description\">Genie\u00dfen Sie an der Bar mit Blick auf das Meer handgefertigte Cocktails und eine erlesene Auswahl an Weinen und Spirituosen, perfekt f\u00fcr einen Toast auf den Sonnenuntergang oder eine ruhige Unterhaltung am Abend.<\/p><\/div><\/div>\t\t\t\t<\/div>\n\t\t\t\t<div class=\"elementor-element elementor-element-9ed2768 elementor-absolute elementor-widget elementor-widget-image\" data-id=\"9ed2768\" data-element_type=\"widget\" data-e-type=\"widget\" data-settings=\"{&quot;_position&quot;:&quot;absolute&quot;}\" data-widget_type=\"image.default\">\n\t\t\t\t\t\t\t\t\t\t\t\t\t\t\t<img loading=\"lazy\" decoding=\"async\" width=\"110\" height=\"123\" src=\"https:\/\/awabeach.com\/wp-content\/uploads\/2025\/08\/icon_awa3.png\" class=\"attachment-large size-large wp-image-1563\" alt=\"\" \/>\t\t\t\t\t\t\t\t\t\t\t\t\t\t\t<\/div>\n\t\t\t\t<\/div>\n\t\t\t\t<\/div>\n\t\t\t\t\t<\/div>\n\t\t\t\t<\/div>\n\t\t\t\t<\/div>\n\t\t","protected":false},"excerpt":{"rendered":"<p>Annehmlichkeiten aw\u0101 bietet denjenigen, die uns besuchen die exklusive M\u00f6glichkeit Vom Morgen zum Mondlicht aw\u0101 l\u00e4dt Sie ein, sich den [&hellip;]<\/p>\n","protected":false},"author":1,"featured_media":0,"parent":0,"menu_order":0,"comment_status":"closed","ping_status":"closed","template":"","meta":{"inline_featured_image":false,"site-sidebar-layout":"no-sidebar","site-content-layout":"","ast-site-content-layout":"full-width-container","site-content-style":"default","site-sidebar-style":"default","ast-global-header-display":"","ast-banner-title-visibility":"","ast-main-header-display":"","ast-hfb-above-header-display":"","ast-hfb-below-header-display":"","ast-hfb-mobile-header-display":"","site-post-title":"","ast-breadcrumbs-content":"","ast-featured-img":"disabled","footer-sml-layout":"","theme-transparent-header-meta":"enabled","adv-header-id-meta":"","stick-header-meta":"","header-above-stick-meta":"","header-main-stick-meta":"","header-below-stick-meta":"","astra-migrate-meta-layouts":"default","ast-page-background-enabled":"default","ast-page-background-meta":{"desktop":{"background-color":"var(--ast-global-color-5)","background-image":"","background-repeat":"repeat","background-position":"center center","background-size":"auto","background-attachment":"scroll","background-type":"","background-media":"","overlay-type":"","overlay-color":"","overlay-opacity":"","overlay-gradient":""},"tablet":{"background-color":"","background-image":"","background-repeat":"repeat","background-position":"center center","background-size":"auto","background-attachment":"scroll","background-type":"","background-media":"","overlay-type":"","overlay-color":"","overlay-opacity":"","overlay-gradient":""},"mobile":{"background-color":"","background-image":"","background-repeat":"repeat","background-position":"center center","background-size":"auto","background-attachment":"scroll","background-type":"","background-media":"","overlay-type":"","overlay-color":"","overlay-opacity":"","overlay-gradient":""}},"ast-content-background-meta":{"desktop":{"background-color":"var(--ast-global-color-4)","background-image":"","background-repeat":"repeat","background-position":"center center","background-size":"auto","background-attachment":"scroll","background-type":"","background-media":"","overlay-type":"","overlay-color":"","overlay-opacity":"","overlay-gradient":""},"tablet":{"background-color":"var(--ast-global-color-4)","background-image":"","background-repeat":"repeat","background-position":"center center","background-size":"auto","background-attachment":"scroll","background-type":"","background-media":"","overlay-type":"","overlay-color":"","overlay-opacity":"","overlay-gradient":""},"mobile":{"background-color":"var(--ast-global-color-4)","background-image":"","background-repeat":"repeat","background-position":"center center","background-size":"auto","background-attachment":"scroll","background-type":"","background-media":"","overlay-type":"","overlay-color":"","overlay-opacity":"","overlay-gradient":""}},"footnotes":""},"class_list":["post-1591","page","type-page","status-publish","hentry"],"_links":{"self":[{"href":"https:\/\/awabeach.com\/de\/wp-json\/wp\/v2\/pages\/1591","targetHints":{"allow":["GET"]}}],"collection":[{"href":"https:\/\/awabeach.com\/de\/wp-json\/wp\/v2\/pages"}],"about":[{"href":"https:\/\/awabeach.com\/de\/wp-json\/wp\/v2\/types\/page"}],"author":[{"embeddable":true,"href":"https:\/\/awabeach.com\/de\/wp-json\/wp\/v2\/users\/1"}],"replies":[{"embeddable":true,"href":"https:\/\/awabeach.com\/de\/wp-json\/wp\/v2\/comments?post=1591"}],"version-history":[{"count":1,"href":"https:\/\/awabeach.com\/de\/wp-json\/wp\/v2\/pages\/1591\/revisions"}],"predecessor-version":[{"id":1601,"href":"https:\/\/awabeach.com\/de\/wp-json\/wp\/v2\/pages\/1591\/revisions\/1601"}],"wp:attachment":[{"href":"https:\/\/awabeach.com\/de\/wp-json\/wp\/v2\/media?parent=1591"}],"curies":[{"name":"wp","href":"https:\/\/api.w.org\/{rel}","templated":true}]}}